{"id":13,"date":"2024-09-09T14:52:11","date_gmt":"2024-09-09T14:52:11","guid":{"rendered":"https:\/\/limpoartea.rkinformatika.online\/?page_id=13"},"modified":"2024-09-10T08:13:49","modified_gmt":"2024-09-10T08:13:49","slug":"servicios","status":"publish","type":"page","link":"https:\/\/limpoartea.com\/eus\/servicios\/","title":{"rendered":"Zerbitzuak"},"content":{"rendered":"<div data-elementor-type=\"wp-page\" data-elementor-id=\"13\" class=\"elementor elementor-13\" data-elementor-post-type=\"page\">\n\t\t\t\t<div class=\"elementor-element elementor-element-059ec3a e-flex e-con-boxed e-con e-parent\" data-id=\"059ec3a\" data-element_type=\"container\" data-e-type=\"container\" data-settings=\"{&quot;background_background&quot;:&quot;classic&quot;}\">\n\t\t\t\t\t<div class=\"e-con-inner\">\n\t\t\t\t<div class=\"elementor-element elementor-element-7e7fa22 elementor-invisible elementor-widget elementor-widget-heading\" data-id=\"7e7fa22\" data-element_type=\"widget\" data-e-type=\"widget\" data-settings=\"{&quot;_animation&quot;:&quot;fadeInDown&quot;}\" data-widget_type=\"heading.default\">\n\t\t\t\t<div class=\"elementor-widget-container\">\n\t\t\t\t\t<h2 class=\"elementor-heading-title elementor-size-default\">\u00a1Conoce Nuestros Servicios!<\/h2>\t\t\t\t<\/div>\n\t\t\t\t<\/div>\n\t\t\t\t\t<\/div>\n\t\t\t\t<\/div>\n\t\t\t\t<section class=\"elementor-section elementor-top-section elementor-element elementor-element-1704bce elementor-section-full_width elementor-section-height-default elementor-section-height-default\" data-id=\"1704bce\" data-element_type=\"section\" data-e-type=\"section\" data-settings=\"{&quot;background_background&quot;:&quot;classic&quot;}\">\n\t\t\t\t\t\t<div class=\"elementor-container elementor-column-gap-default\">\n\t\t\t\t\t<div class=\"elementor-column elementor-col-100 elementor-top-column elementor-element elementor-element-dda7fe4\" data-id=\"dda7fe4\" data-element_type=\"column\" data-e-type=\"column\" data-settings=\"{&quot;background_background&quot;:&quot;classic&quot;}\">\n\t\t\t<div class=\"elementor-widget-wrap elementor-element-populated\">\n\t\t\t\t\t\t<section class=\"elementor-section elementor-inner-section elementor-element elementor-element-3b2543e elementor-section-boxed elementor-section-height-default elementor-section-height-default elementor-invisible\" data-id=\"3b2543e\" data-element_type=\"section\" data-e-type=\"section\" data-settings=\"{&quot;animation&quot;:&quot;fadeInRight&quot;}\">\n\t\t\t\t\t\t<div class=\"elementor-container elementor-column-gap-default\">\n\t\t\t\t\t<div class=\"elementor-column elementor-col-33 elementor-inner-column elementor-element elementor-element-120fdfe elementor-invisible\" data-id=\"120fdfe\" data-element_type=\"column\" data-e-type=\"column\" data-settings=\"{&quot;background_background&quot;:&quot;classic&quot;,&quot;animation&quot;:&quot;fadeInLeft&quot;}\">\n\t\t\t<div class=\"elementor-widget-wrap elementor-element-populated\">\n\t\t\t\t\t\t<div class=\"elementor-element elementor-element-76ba60b elementor-view-default elementor-widget elementor-widget-icon\" data-id=\"76ba60b\" data-element_type=\"widget\" data-e-type=\"widget\" data-widget_type=\"icon.default\">\n\t\t\t\t<div class=\"elementor-widget-container\">\n\t\t\t\t\t\t\t<div class=\"elementor-icon-wrapper\">\n\t\t\t<div class=\"elementor-icon\">\n\t\t\t<svg aria-hidden=\"true\" class=\"e-font-icon-svg e-fas-car\" viewbox=\"0 0 512 512\" xmlns=\"http:\/\/www.w3.org\/2000\/svg\"><path d=\"M499.99 176h-59.87l-16.64-41.6C406.38 91.63 365.57 64 319.5 64h-127c-46.06 0-86.88 27.63-103.99 70.4L71.87 176H12.01C4.2 176-1.53 183.34.37 190.91l6 24C7.7 220.25 12.5 224 18.01 224h20.07C24.65 235.73 16 252.78 16 272v48c0 16.12 6.16 30.67 16 41.93V416c0 17.67 14.33 32 32 32h32c17.67 0 32-14.33 32-32v-32h256v32c0 17.67 14.33 32 32 32h32c17.67 0 32-14.33 32-32v-54.07c9.84-11.25 16-25.8 16-41.93v-48c0-19.22-8.65-36.27-22.07-48H494c5.51 0 10.31-3.75 11.64-9.09l6-24c1.89-7.57-3.84-14.91-11.65-14.91zm-352.06-17.83c7.29-18.22 24.94-30.17 44.57-30.17h127c19.63 0 37.28 11.95 44.57 30.17L384 208H128l19.93-49.83zM96 319.8c-19.2 0-32-12.76-32-31.9S76.8 256 96 256s48 28.71 48 47.85-28.8 15.95-48 15.95zm320 0c-19.2 0-48 3.19-48-15.95S396.8 256 416 256s32 12.76 32 31.9-12.8 31.9-32 31.9z\"><\/path><\/svg>\t\t\t<\/div>\n\t\t<\/div>\n\t\t\t\t\t\t<\/div>\n\t\t\t\t<\/div>\n\t\t\t\t<div class=\"elementor-element elementor-element-c867ffb elementor-widget elementor-widget-heading\" data-id=\"c867ffb\" data-element_type=\"widget\" data-e-type=\"widget\" data-widget_type=\"heading.default\">\n\t\t\t\t<div class=\"elementor-widget-container\">\n\t\t\t\t\t<h2 class=\"elementor-heading-title elementor-size-default\">LIMPIEZA DE COCHE<\/h2>\t\t\t\t<\/div>\n\t\t\t\t<\/div>\n\t\t\t\t<div class=\"elementor-element elementor-element-2e12bae elementor-align-center elementor-icon-list--layout-traditional elementor-list-item-link-full_width elementor-widget elementor-widget-icon-list\" data-id=\"2e12bae\" data-element_type=\"widget\" data-e-type=\"widget\" data-widget_type=\"icon-list.default\">\n\t\t\t\t<div class=\"elementor-widget-container\">\n\t\t\t\t\t\t\t<ul class=\"elementor-icon-list-items\">\n\t\t\t\t\t\t\t<li class=\"elementor-icon-list-item\">\n\t\t\t\t\t\t\t\t\t\t\t<span class=\"elementor-icon-list-icon\">\n\t\t\t\t\t\t\t<svg aria-hidden=\"true\" class=\"e-font-icon-svg e-fas-chevron-right\" viewbox=\"0 0 320 512\" xmlns=\"http:\/\/www.w3.org\/2000\/svg\"><path d=\"M285.476 272.971L91.132 467.314c-9.373 9.373-24.569 9.373-33.941 0l-22.667-22.667c-9.357-9.357-9.375-24.522-.04-33.901L188.505 256 34.484 101.255c-9.335-9.379-9.317-24.544.04-33.901l22.667-22.667c9.373-9.373 24.569-9.373 33.941 0L285.475 239.03c9.373 9.372 9.373 24.568.001 33.941z\"><\/path><\/svg>\t\t\t\t\t\t<\/span>\n\t\t\t\t\t\t\t\t\t\t<span class=\"elementor-icon-list-text\">General<\/span>\n\t\t\t\t\t\t\t\t\t<\/li>\n\t\t\t\t\t\t\t\t<li class=\"elementor-icon-list-item\">\n\t\t\t\t\t\t\t\t\t\t\t<span class=\"elementor-icon-list-icon\">\n\t\t\t\t\t\t\t<svg aria-hidden=\"true\" class=\"e-font-icon-svg e-fas-chevron-right\" viewbox=\"0 0 320 512\" xmlns=\"http:\/\/www.w3.org\/2000\/svg\"><path d=\"M285.476 272.971L91.132 467.314c-9.373 9.373-24.569 9.373-33.941 0l-22.667-22.667c-9.357-9.357-9.375-24.522-.04-33.901L188.505 256 34.484 101.255c-9.335-9.379-9.317-24.544.04-33.901l22.667-22.667c9.373-9.373 24.569-9.373 33.941 0L285.475 239.03c9.373 9.372 9.373 24.568.001 33.941z\"><\/path><\/svg>\t\t\t\t\t\t<\/span>\n\t\t\t\t\t\t\t\t\t\t<span class=\"elementor-icon-list-text\">Con Tapicer\u00eda<\/span>\n\t\t\t\t\t\t\t\t\t<\/li>\n\t\t\t\t\t\t\t\t<li class=\"elementor-icon-list-item\">\n\t\t\t\t\t\t\t\t\t\t\t<span class=\"elementor-icon-list-icon\">\n\t\t\t\t\t\t\t<svg aria-hidden=\"true\" class=\"e-font-icon-svg e-fas-chevron-right\" viewbox=\"0 0 320 512\" xmlns=\"http:\/\/www.w3.org\/2000\/svg\"><path d=\"M285.476 272.971L91.132 467.314c-9.373 9.373-24.569 9.373-33.941 0l-22.667-22.667c-9.357-9.357-9.375-24.522-.04-33.901L188.505 256 34.484 101.255c-9.335-9.379-9.317-24.544.04-33.901l22.667-22.667c9.373-9.373 24.569-9.373 33.941 0L285.475 239.03c9.373 9.372 9.373 24.568.001 33.941z\"><\/path><\/svg>\t\t\t\t\t\t<\/span>\n\t\t\t\t\t\t\t\t\t\t<span class=\"elementor-icon-list-text\">Integral<\/span>\n\t\t\t\t\t\t\t\t\t<\/li>\n\t\t\t\t\t\t\t\t<li class=\"elementor-icon-list-item\">\n\t\t\t\t\t\t\t\t\t\t\t<span class=\"elementor-icon-list-icon\">\n\t\t\t\t\t\t\t<svg aria-hidden=\"true\" class=\"e-font-icon-svg e-fas-chevron-right\" viewbox=\"0 0 320 512\" xmlns=\"http:\/\/www.w3.org\/2000\/svg\"><path d=\"M285.476 272.971L91.132 467.314c-9.373 9.373-24.569 9.373-33.941 0l-22.667-22.667c-9.357-9.357-9.375-24.522-.04-33.901L188.505 256 34.484 101.255c-9.335-9.379-9.317-24.544.04-33.901l22.667-22.667c9.373-9.373 24.569-9.373 33.941 0L285.475 239.03c9.373 9.372 9.373 24.568.001 33.941z\"><\/path><\/svg>\t\t\t\t\t\t<\/span>\n\t\t\t\t\t\t\t\t\t\t<span class=\"elementor-icon-list-text\">Pulido y Abrillantado de Carrocer\u00eda<\/span>\n\t\t\t\t\t\t\t\t\t<\/li>\n\t\t\t\t\t\t<\/ul>\n\t\t\t\t\t\t<\/div>\n\t\t\t\t<\/div>\n\t\t\t\t\t<\/div>\n\t\t<\/div>\n\t\t\t\t<div class=\"elementor-column elementor-col-33 elementor-inner-column elementor-element elementor-element-ce6e3bc elementor-invisible\" data-id=\"ce6e3bc\" data-element_type=\"column\" data-e-type=\"column\" data-settings=\"{&quot;background_background&quot;:&quot;classic&quot;,&quot;animation&quot;:&quot;fadeInUp&quot;}\">\n\t\t\t<div class=\"elementor-widget-wrap elementor-element-populated\">\n\t\t\t\t\t\t<div class=\"elementor-element elementor-element-bdc7805 elementor-view-default elementor-widget elementor-widget-icon\" data-id=\"bdc7805\" data-element_type=\"widget\" data-e-type=\"widget\" data-widget_type=\"icon.default\">\n\t\t\t\t<div class=\"elementor-widget-container\">\n\t\t\t\t\t\t\t<div class=\"elementor-icon-wrapper\">\n\t\t\t<div class=\"elementor-icon\">\n\t\t\t<svg aria-hidden=\"true\" class=\"e-font-icon-svg e-fas-bacteria\" viewbox=\"0 0 640 512\" xmlns=\"http:\/\/www.w3.org\/2000\/svg\"><path d=\"M272.35,226.4A17.71,17.71,0,0,0,281.46,203l-4-9.08a121.29,121.29,0,0,1,12.36-3.08A83.34,83.34,0,0,0,323.57,177l10,9a17.76,17.76,0,1,0,23.92-26.27l-9.72-8.76a83.12,83.12,0,0,0,11.65-48.18l11.85-3.51a17.73,17.73,0,1,0-10.15-34l-11.34,3.36a84,84,0,0,0-36.38-35.57l2.84-10.85a17.8,17.8,0,0,0-34.47-8.93l-2.82,10.78a83.25,83.25,0,0,0-16.74,1.1C250.83,27,240,30.22,229.1,33.39l-3.38-9.46a17.8,17.8,0,0,0-33.56,11.89l3.49,9.8a286.74,286.74,0,0,0-43.94,23.57l-6.32-8.43a17.9,17.9,0,0,0-24.94-3.6A17.69,17.69,0,0,0,116.84,82l6.45,8.61a286.59,286.59,0,0,0-34.95,35.33l-8.82-6.42a17.84,17.84,0,0,0-24.89,3.86,17.66,17.66,0,0,0,3.88,24.77l8.88,6.47a286.6,286.6,0,0,0-23,43.91l-10.48-3.59a17.73,17.73,0,1,0-11.59,33.52L32.67,232c-2.79,10-5.79,19.84-7.52,30.22a83.16,83.16,0,0,0-.82,19l-11.58,3.43a17.73,17.73,0,1,0,10.13,34l11.27-3.33a83.51,83.51,0,0,0,36.39,35.43l-2.88,11.06a17.81,17.81,0,0,0,34.48,8.92l2.87-11c1,0,2.07.26,3.1.26a83.39,83.39,0,0,0,45.65-13.88l8.59,8.8a17.77,17.77,0,0,0,25.56-24.7l-9.14-9.37a83.41,83.41,0,0,0,12.08-31.05,119.08,119.08,0,0,1,3.87-15.53l9,4.22a17.74,17.74,0,1,0,15.15-32.09l-8.8-4.11c.67-1,1.2-2.08,1.9-3.05a119.89,119.89,0,0,1,7.87-9.41,121.73,121.73,0,0,1,11.65-11.4,119.49,119.49,0,0,1,9.94-7.82c1.12-.77,2.32-1.42,3.47-2.15l3.92,8.85a17.86,17.86,0,0,0,16.32,10.58A18.14,18.14,0,0,0,272.35,226.4ZM128,256a32,32,0,1,1,32-32A32,32,0,0,1,128,256Zm80-96a16,16,0,1,1,16-16A16,16,0,0,1,208,160Zm431.26,45.3a17.79,17.79,0,0,0-17.06-12.69,17.55,17.55,0,0,0-5.08.74l-11.27,3.33a83.61,83.61,0,0,0-36.39-35.43l2.88-11.06a17.81,17.81,0,0,0-34.48-8.91l-2.87,11c-1,0-2.07-.26-3.1-.26a83.32,83.32,0,0,0-45.65,13.89l-8.59-8.81a17.77,17.77,0,0,0-25.56,24.7l9.14,9.37a83.28,83.28,0,0,0-12.08,31.06,119.34,119.34,0,0,1-3.87,15.52l-9-4.22a17.74,17.74,0,1,0-15.15,32.09l8.8,4.11c-.67,1-1.2,2.08-1.89,3.05a117.71,117.71,0,0,1-7.94,9.47,119,119,0,0,1-11.57,11.33,121.59,121.59,0,0,1-10,7.83c-1.12.77-2.32,1.42-3.47,2.15l-3.92-8.85a17.86,17.86,0,0,0-16.32-10.58,18.14,18.14,0,0,0-7.18,1.5A17.71,17.71,0,0,0,358.54,309l4,9.08a118.71,118.71,0,0,1-12.36,3.08,83.34,83.34,0,0,0-33.77,13.9l-10-9a17.77,17.77,0,1,0-23.92,26.28l9.72,8.75a83.12,83.12,0,0,0-11.65,48.18l-11.86,3.51a17.73,17.73,0,1,0,10.16,34l11.34-3.36A84,84,0,0,0,326.61,479l-2.84,10.85a17.8,17.8,0,0,0,34.47,8.93L361.06,488a83.3,83.3,0,0,0,16.74-1.1c11.37-1.89,22.24-5.07,33.1-8.24l3.38,9.46a17.8,17.8,0,0,0,33.56-11.89l-3.49-9.79a287.66,287.66,0,0,0,43.94-23.58l6.32,8.43a17.88,17.88,0,0,0,24.93,3.6A17.67,17.67,0,0,0,523.16,430l-6.45-8.61a287.37,287.37,0,0,0,34.95-35.34l8.82,6.42a17.76,17.76,0,1,0,21-28.63l-8.88-6.46a287.17,287.17,0,0,0,23-43.92l10.48,3.59a17.73,17.73,0,1,0,11.59-33.52L607.33,280c2.79-10,5.79-19.84,7.52-30.21a83.27,83.27,0,0,0,.82-19.05l11.58-3.43A17.7,17.7,0,0,0,639.26,205.3ZM416,416a32,32,0,1,1,32-32A32,32,0,0,1,416,416Z\"><\/path><\/svg>\t\t\t<\/div>\n\t\t<\/div>\n\t\t\t\t\t\t<\/div>\n\t\t\t\t<\/div>\n\t\t\t\t<div class=\"elementor-element elementor-element-c4721ee elementor-widget elementor-widget-heading\" data-id=\"c4721ee\" data-element_type=\"widget\" data-e-type=\"widget\" data-widget_type=\"heading.default\">\n\t\t\t\t<div class=\"elementor-widget-container\">\n\t\t\t\t\t<h2 class=\"elementor-heading-title elementor-size-default\">TRATAMIENTOS<\/h2>\t\t\t\t<\/div>\n\t\t\t\t<\/div>\n\t\t\t\t<div class=\"elementor-element elementor-element-d875bbb elementor-align-center elementor-icon-list--layout-traditional elementor-list-item-link-full_width elementor-widget elementor-widget-icon-list\" data-id=\"d875bbb\" data-element_type=\"widget\" data-e-type=\"widget\" data-widget_type=\"icon-list.default\">\n\t\t\t\t<div class=\"elementor-widget-container\">\n\t\t\t\t\t\t\t<ul class=\"elementor-icon-list-items\">\n\t\t\t\t\t\t\t<li class=\"elementor-icon-list-item\">\n\t\t\t\t\t\t\t\t\t\t\t<span class=\"elementor-icon-list-icon\">\n\t\t\t\t\t\t\t<svg aria-hidden=\"true\" class=\"e-font-icon-svg e-fas-chevron-right\" viewbox=\"0 0 320 512\" xmlns=\"http:\/\/www.w3.org\/2000\/svg\"><path d=\"M285.476 272.971L91.132 467.314c-9.373 9.373-24.569 9.373-33.941 0l-22.667-22.667c-9.357-9.357-9.375-24.522-.04-33.901L188.505 256 34.484 101.255c-9.335-9.379-9.317-24.544.04-33.901l22.667-22.667c9.373-9.373 24.569-9.373 33.941 0L285.475 239.03c9.373 9.372 9.373 24.568.001 33.941z\"><\/path><\/svg>\t\t\t\t\t\t<\/span>\n\t\t\t\t\t\t\t\t\t\t<span class=\"elementor-icon-list-text\">Sanex- Higienizaci\u00f3n<\/span>\n\t\t\t\t\t\t\t\t\t<\/li>\n\t\t\t\t\t\t\t\t<li class=\"elementor-icon-list-item\">\n\t\t\t\t\t\t\t\t\t\t\t<span class=\"elementor-icon-list-icon\">\n\t\t\t\t\t\t\t<svg aria-hidden=\"true\" class=\"e-font-icon-svg e-fas-chevron-right\" viewbox=\"0 0 320 512\" xmlns=\"http:\/\/www.w3.org\/2000\/svg\"><path d=\"M285.476 272.971L91.132 467.314c-9.373 9.373-24.569 9.373-33.941 0l-22.667-22.667c-9.357-9.357-9.375-24.522-.04-33.901L188.505 256 34.484 101.255c-9.335-9.379-9.317-24.544.04-33.901l22.667-22.667c9.373-9.373 24.569-9.373 33.941 0L285.475 239.03c9.373 9.372 9.373 24.568.001 33.941z\"><\/path><\/svg>\t\t\t\t\t\t<\/span>\n\t\t\t\t\t\t\t\t\t\t<span class=\"elementor-icon-list-text\">Tratamiento de Ozono<\/span>\n\t\t\t\t\t\t\t\t\t<\/li>\n\t\t\t\t\t\t<\/ul>\n\t\t\t\t\t\t<\/div>\n\t\t\t\t<\/div>\n\t\t\t\t\t<\/div>\n\t\t<\/div>\n\t\t\t\t<div class=\"elementor-column elementor-col-33 elementor-inner-column elementor-element elementor-element-8cf7af1 elementor-invisible\" data-id=\"8cf7af1\" data-element_type=\"column\" data-e-type=\"column\" data-settings=\"{&quot;background_background&quot;:&quot;classic&quot;,&quot;animation&quot;:&quot;fadeInRight&quot;}\">\n\t\t\t<div class=\"elementor-widget-wrap elementor-element-populated\">\n\t\t\t\t\t\t<div class=\"elementor-element elementor-element-a93f373 elementor-view-default elementor-widget elementor-widget-icon\" data-id=\"a93f373\" data-element_type=\"widget\" data-e-type=\"widget\" data-widget_type=\"icon.default\">\n\t\t\t\t<div class=\"elementor-widget-container\">\n\t\t\t\t\t\t\t<div class=\"elementor-icon-wrapper\">\n\t\t\t<div class=\"elementor-icon\">\n\t\t\t<svg aria-hidden=\"true\" class=\"e-font-icon-svg e-fas-baby-carriage\" viewbox=\"0 0 512 512\" xmlns=\"http:\/\/www.w3.org\/2000\/svg\"><path d=\"M144.8 17c-11.3-17.8-37.2-22.8-54-9.4C35.3 51.9 0 118 0 192h256L144.8 17zM496 96h-48c-35.3 0-64 28.7-64 64v64H0c0 50.6 23 96.4 60.3 130.7C25.7 363.6 0 394.7 0 432c0 44.2 35.8 80 80 80s80-35.8 80-80c0-8.9-1.8-17.2-4.4-25.2 21.6 5.9 44.6 9.2 68.4 9.2s46.9-3.3 68.4-9.2c-2.7 8-4.4 16.3-4.4 25.2 0 44.2 35.8 80 80 80s80-35.8 80-80c0-37.3-25.7-68.4-60.3-77.3C425 320.4 448 274.6 448 224v-64h48c8.8 0 16-7.2 16-16v-32c0-8.8-7.2-16-16-16zM80 464c-17.6 0-32-14.4-32-32s14.4-32 32-32 32 14.4 32 32-14.4 32-32 32zm320-32c0 17.6-14.4 32-32 32s-32-14.4-32-32 14.4-32 32-32 32 14.4 32 32z\"><\/path><\/svg>\t\t\t<\/div>\n\t\t<\/div>\n\t\t\t\t\t\t<\/div>\n\t\t\t\t<\/div>\n\t\t\t\t<div class=\"elementor-element elementor-element-037c263 elementor-widget elementor-widget-heading\" data-id=\"037c263\" data-element_type=\"widget\" data-e-type=\"widget\" data-widget_type=\"heading.default\">\n\t\t\t\t<div class=\"elementor-widget-container\">\n\t\t\t\t\t<h2 class=\"elementor-heading-title elementor-size-default\">EXTRAS<\/h2>\t\t\t\t<\/div>\n\t\t\t\t<\/div>\n\t\t\t\t<div class=\"elementor-element elementor-element-df609e9 elementor-align-center elementor-icon-list--layout-traditional elementor-list-item-link-full_width elementor-widget elementor-widget-icon-list\" data-id=\"df609e9\" data-element_type=\"widget\" data-e-type=\"widget\" data-widget_type=\"icon-list.default\">\n\t\t\t\t<div class=\"elementor-widget-container\">\n\t\t\t\t\t\t\t<ul class=\"elementor-icon-list-items\">\n\t\t\t\t\t\t\t<li class=\"elementor-icon-list-item\">\n\t\t\t\t\t\t\t\t\t\t\t<span class=\"elementor-icon-list-icon\">\n\t\t\t\t\t\t\t<svg aria-hidden=\"true\" class=\"e-font-icon-svg e-fas-chevron-right\" viewbox=\"0 0 320 512\" xmlns=\"http:\/\/www.w3.org\/2000\/svg\"><path d=\"M285.476 272.971L91.132 467.314c-9.373 9.373-24.569 9.373-33.941 0l-22.667-22.667c-9.357-9.357-9.375-24.522-.04-33.901L188.505 256 34.484 101.255c-9.335-9.379-9.317-24.544.04-33.901l22.667-22.667c9.373-9.373 24.569-9.373 33.941 0L285.475 239.03c9.373 9.372 9.373 24.568.001 33.941z\"><\/path><\/svg>\t\t\t\t\t\t<\/span>\n\t\t\t\t\t\t\t\t\t\t<span class=\"elementor-icon-list-text\">Carricoches y Sillas de Infantiles<\/span>\n\t\t\t\t\t\t\t\t\t<\/li>\n\t\t\t\t\t\t<\/ul>\n\t\t\t\t\t\t<\/div>\n\t\t\t\t<\/div>\n\t\t\t\t\t<\/div>\n\t\t<\/div>\n\t\t\t\t\t<\/div>\n\t\t<\/section>\n\t\t\t\t\t<\/div>\n\t\t<\/div>\n\t\t\t\t\t<\/div>\n\t\t<\/section>\n\t\t<div class=\"elementor-element elementor-element-f10a88d e-flex e-con-boxed e-con e-parent\" data-id=\"f10a88d\" data-element_type=\"container\" data-e-type=\"container\" data-settings=\"{&quot;background_background&quot;:&quot;classic&quot;}\">\n\t\t\t\t\t<div class=\"e-con-inner\">\n\t\t\t\t<div class=\"elementor-element elementor-element-daf8b05 elementor-widget elementor-widget-heading\" data-id=\"daf8b05\" data-element_type=\"widget\" data-e-type=\"widget\" data-widget_type=\"heading.default\">\n\t\t\t\t<div class=\"elementor-widget-container\">\n\t\t\t\t\t<h2 class=\"elementor-heading-title elementor-size-default\"><a href=\"https:\/\/olatzbilbaolasanutricionista.rkinformatika.online\/contacto\/\">\u00bfA qu\u00e9 esperas para que tu coche se vea impecable?<\/a><\/h2>\t\t\t\t<\/div>\n\t\t\t\t<\/div>\n\t\t\t\t<div class=\"elementor-element elementor-element-a486b71 elementor-align-center elementor-invisible elementor-widget elementor-widget-button\" data-id=\"a486b71\" data-element_type=\"widget\" data-e-type=\"widget\" data-settings=\"{&quot;_animation&quot;:&quot;fadeInUp&quot;}\" data-widget_type=\"button.default\">\n\t\t\t\t<div class=\"elementor-widget-container\">\n\t\t\t\t\t\t\t\t\t<div class=\"elementor-button-wrapper\">\n\t\t\t\t\t<a class=\"elementor-button elementor-button-link elementor-size-sm\" href=\"tel:%20654%20822%20804\">\n\t\t\t\t\t\t<span class=\"elementor-button-content-wrapper\">\n\t\t\t\t\t\t\t\t\t<span class=\"elementor-button-text\">Eskatu hitzordua<\/span>\n\t\t\t\t\t<\/span>\n\t\t\t\t\t<\/a>\n\t\t\t\t<\/div>\n\t\t\t\t\t\t\t\t<\/div>\n\t\t\t\t<\/div>\n\t\t\t\t\t<\/div>\n\t\t\t\t<\/div>\n\t\t\t\t<\/div>","protected":false},"excerpt":{"rendered":"<p>\u00a1Conoce Nuestros Servicios! LIMPIEZA DE COCHE General Con Tapicer\u00eda Integral Pulido y Abrillantado de Carrocer\u00eda TRATAMIENTOS Sanex- Higienizaci\u00f3n Tratamiento de Ozono EXTRAS Carricoches y Sillas de Infantiles \u00bfA qu\u00e9 esperas para que tu coche se vea impecable? Pide Cita<\/p>","protected":false},"author":1,"featured_media":0,"parent":0,"menu_order":0,"comment_status":"closed","ping_status":"closed","template":"elementor_canvas","meta":{"footnotes":""},"class_list":["post-13","page","type-page","status-publish","hentry"],"yoast_head":"<!-- This site is optimized with the Yoast SEO plugin v27.4 - https:\/\/yoast.com\/product\/yoast-seo-wordpress\/ -->\n<title>Servicios - Limpoint Artea<\/title>\n<meta name=\"robots\" content=\"index, follow, max-snippet:-1, max-image-preview:large, max-video-preview:-1\" \/>\n<link rel=\"canonical\" href=\"https:\/\/limpoartea.com\/eus\/servicios\/\" \/>\n<meta property=\"og:locale\" content=\"en_US\" \/>\n<meta property=\"og:type\" content=\"article\" \/>\n<meta property=\"og:title\" content=\"Servicios - Limpoint Artea\" \/>\n<meta property=\"og:description\" content=\"\u00a1Conoce Nuestros Servicios! LIMPIEZA DE COCHE General Con Tapicer\u00eda Integral Pulido y Abrillantado de Carrocer\u00eda TRATAMIENTOS Sanex- Higienizaci\u00f3n Tratamiento de Ozono EXTRAS Carricoches y Sillas de Infantiles \u00bfA qu\u00e9 esperas para que tu coche se vea impecable? Pide Cita\" \/>\n<meta property=\"og:url\" content=\"https:\/\/limpoartea.com\/eus\/servicios\/\" \/>\n<meta property=\"og:site_name\" content=\"Limpoint Artea\" \/>\n<meta property=\"article:modified_time\" content=\"2024-09-10T08:13:49+00:00\" \/>\n<meta name=\"twitter:card\" content=\"summary_large_image\" \/>\n<meta name=\"twitter:label1\" content=\"Est. reading time\" \/>\n\t<meta name=\"twitter:data1\" content=\"1 minutua\" \/>\n<script type=\"application\/ld+json\" class=\"yoast-schema-graph\">{\"@context\":\"https:\\\/\\\/schema.org\",\"@graph\":[{\"@type\":\"WebPage\",\"@id\":\"https:\\\/\\\/limpoartea.com\\\/servicios\\\/\",\"url\":\"https:\\\/\\\/limpoartea.com\\\/servicios\\\/\",\"name\":\"Servicios - Limpoint Artea\",\"isPartOf\":{\"@id\":\"https:\\\/\\\/limpoartea.com\\\/#website\"},\"datePublished\":\"2024-09-09T14:52:11+00:00\",\"dateModified\":\"2024-09-10T08:13:49+00:00\",\"breadcrumb\":{\"@id\":\"https:\\\/\\\/limpoartea.com\\\/servicios\\\/#breadcrumb\"},\"inLanguage\":\"eu\",\"potentialAction\":[{\"@type\":\"ReadAction\",\"target\":[\"https:\\\/\\\/limpoartea.com\\\/servicios\\\/\"]}]},{\"@type\":\"BreadcrumbList\",\"@id\":\"https:\\\/\\\/limpoartea.com\\\/servicios\\\/#breadcrumb\",\"itemListElement\":[{\"@type\":\"ListItem\",\"position\":1,\"name\":\"Portada\",\"item\":\"https:\\\/\\\/limpoartea.com\\\/\"},{\"@type\":\"ListItem\",\"position\":2,\"name\":\"Servicios\"}]},{\"@type\":\"WebSite\",\"@id\":\"https:\\\/\\\/limpoartea.com\\\/#website\",\"url\":\"https:\\\/\\\/limpoartea.com\\\/\",\"name\":\"Limpoint Artea\",\"description\":\"Exclusivo Lavado Ecol\u00f3gico en Artea, Leioa.\",\"publisher\":{\"@id\":\"https:\\\/\\\/limpoartea.com\\\/#organization\"},\"potentialAction\":[{\"@type\":\"SearchAction\",\"target\":{\"@type\":\"EntryPoint\",\"urlTemplate\":\"https:\\\/\\\/limpoartea.com\\\/?s={search_term_string}\"},\"query-input\":{\"@type\":\"PropertyValueSpecification\",\"valueRequired\":true,\"valueName\":\"search_term_string\"}}],\"inLanguage\":\"eu\"},{\"@type\":\"Organization\",\"@id\":\"https:\\\/\\\/limpoartea.com\\\/#organization\",\"name\":\"Limpoint Artea\",\"url\":\"https:\\\/\\\/limpoartea.com\\\/\",\"logo\":{\"@type\":\"ImageObject\",\"inLanguage\":\"eu\",\"@id\":\"https:\\\/\\\/limpoartea.com\\\/#\\\/schema\\\/logo\\\/image\\\/\",\"url\":\"https:\\\/\\\/limpoartea.com\\\/wp-content\\\/uploads\\\/2024\\\/09\\\/cropped-Limpoint.png\",\"contentUrl\":\"https:\\\/\\\/limpoartea.com\\\/wp-content\\\/uploads\\\/2024\\\/09\\\/cropped-Limpoint.png\",\"width\":1920,\"height\":840,\"caption\":\"Limpoint Artea\"},\"image\":{\"@id\":\"https:\\\/\\\/limpoartea.com\\\/#\\\/schema\\\/logo\\\/image\\\/\"}}]}<\/script>\n<!-- \/ Yoast SEO plugin. -->","yoast_head_json":{"title":"Servicios - Limpoint Artea","robots":{"index":"index","follow":"follow","max-snippet":"max-snippet:-1","max-image-preview":"max-image-preview:large","max-video-preview":"max-video-preview:-1"},"canonical":"https:\/\/limpoartea.com\/eus\/servicios\/","og_locale":"en_US","og_type":"article","og_title":"Servicios - Limpoint Artea","og_description":"\u00a1Conoce Nuestros Servicios! LIMPIEZA DE COCHE General Con Tapicer\u00eda Integral Pulido y Abrillantado de Carrocer\u00eda TRATAMIENTOS Sanex- Higienizaci\u00f3n Tratamiento de Ozono EXTRAS Carricoches y Sillas de Infantiles \u00bfA qu\u00e9 esperas para que tu coche se vea impecable? Pide Cita","og_url":"https:\/\/limpoartea.com\/eus\/servicios\/","og_site_name":"Limpoint Artea","article_modified_time":"2024-09-10T08:13:49+00:00","twitter_card":"summary_large_image","twitter_misc":{"Est. reading time":"1 minutua"},"schema":{"@context":"https:\/\/schema.org","@graph":[{"@type":"WebPage","@id":"https:\/\/limpoartea.com\/servicios\/","url":"https:\/\/limpoartea.com\/servicios\/","name":"Servicios - Limpoint Artea","isPartOf":{"@id":"https:\/\/limpoartea.com\/#website"},"datePublished":"2024-09-09T14:52:11+00:00","dateModified":"2024-09-10T08:13:49+00:00","breadcrumb":{"@id":"https:\/\/limpoartea.com\/servicios\/#breadcrumb"},"inLanguage":"eu","potentialAction":[{"@type":"ReadAction","target":["https:\/\/limpoartea.com\/servicios\/"]}]},{"@type":"BreadcrumbList","@id":"https:\/\/limpoartea.com\/servicios\/#breadcrumb","itemListElement":[{"@type":"ListItem","position":1,"name":"Portada","item":"https:\/\/limpoartea.com\/"},{"@type":"ListItem","position":2,"name":"Servicios"}]},{"@type":"WebSite","@id":"https:\/\/limpoartea.com\/#website","url":"https:\/\/limpoartea.com\/","name":"Limpoint Arteara","description":"Exclusivo Lavado Ecol\u00f3gico en Artea, Leioa.","publisher":{"@id":"https:\/\/limpoartea.com\/#organization"},"potentialAction":[{"@type":"SearchAction","target":{"@type":"EntryPoint","urlTemplate":"https:\/\/limpoartea.com\/?s={search_term_string}"},"query-input":{"@type":"PropertyValueSpecification","valueRequired":true,"valueName":"search_term_string"}}],"inLanguage":"eu"},{"@type":"Organization","@id":"https:\/\/limpoartea.com\/#organization","name":"Limpoint Arteara","url":"https:\/\/limpoartea.com\/","logo":{"@type":"ImageObject","inLanguage":"eu","@id":"https:\/\/limpoartea.com\/#\/schema\/logo\/image\/","url":"https:\/\/limpoartea.com\/wp-content\/uploads\/2024\/09\/cropped-Limpoint.png","contentUrl":"https:\/\/limpoartea.com\/wp-content\/uploads\/2024\/09\/cropped-Limpoint.png","width":1920,"height":840,"caption":"Limpoint Artea"},"image":{"@id":"https:\/\/limpoartea.com\/#\/schema\/logo\/image\/"}}]}},"_links":{"self":[{"href":"https:\/\/limpoartea.com\/eus\/wp-json\/wp\/v2\/pages\/13","targetHints":{"allow":["GET"]}}],"collection":[{"href":"https:\/\/limpoartea.com\/eus\/wp-json\/wp\/v2\/pages"}],"about":[{"href":"https:\/\/limpoartea.com\/eus\/wp-json\/wp\/v2\/types\/page"}],"author":[{"embeddable":true,"href":"https:\/\/limpoartea.com\/eus\/wp-json\/wp\/v2\/users\/1"}],"replies":[{"embeddable":true,"href":"https:\/\/limpoartea.com\/eus\/wp-json\/wp\/v2\/comments?post=13"}],"version-history":[{"count":94,"href":"https:\/\/limpoartea.com\/eus\/wp-json\/wp\/v2\/pages\/13\/revisions"}],"predecessor-version":[{"id":325,"href":"https:\/\/limpoartea.com\/eus\/wp-json\/wp\/v2\/pages\/13\/revisions\/325"}],"wp:attachment":[{"href":"https:\/\/limpoartea.com\/eus\/wp-json\/wp\/v2\/media?parent=13"}],"curies":[{"name":"wp","href":"https:\/\/api.w.org\/{rel}","templated":true}]}}